{"id":10126,"date":"2026-04-24T00:19:34","date_gmt":"2026-04-23T22:19:34","guid":{"rendered":"https:\/\/maisonkhmissa.com\/?post_type=product&#038;p=10126"},"modified":"2026-04-24T00:21:05","modified_gmt":"2026-04-23T22:21:05","slug":"bague-organique-aux-pierres-vertes-en-argent-925-maison-khmissa","status":"publish","type":"product","link":"https:\/\/maisonkhmissa.com\/product\/bague-organique-aux-pierres-vertes-en-argent-925-maison-khmissa\/","title":{"rendered":"Bague Organique aux Pierres Vertes en Argent 925 \u2013 Maison Khmissa"},"content":{"rendered":"<p data-start=\"155\" data-end=\"429\">Inspir\u00e9e par les formes fluides de la nature, cette bague en argent sterling 925 d\u00e9voile un design organique aux reliefs irr\u00e9guliers, \u00e9voquant les mouvements du bois ou de la mati\u00e8re en fusion. Son esth\u00e9tique unique capte la lumi\u00e8re et met en valeur chaque d\u00e9tail sculpt\u00e9.<\/p>\n<p data-start=\"431\" data-end=\"684\">Orn\u00e9e de fines pierres vertes incrust\u00e9es, elle apporte une touche de fra\u00eecheur et d\u2019\u00e9l\u00e9gance, contrastant harmonieusement avec la texture brute de l\u2019argent. Sa forme ouverte assure un ajustement confortable tout en renfor\u00e7ant son allure contemporaine.<\/p>\n<p data-start=\"686\" data-end=\"797\">\u00c0 la fois artistique et moderne, cette bague est une pi\u00e8ce forte qui sublime un style naturel et sophistiqu\u00e9.<\/p>\n","protected":false},"excerpt":{"rendered":"<p data-start=\"799\" data-end=\"825\"><strong data-start=\"801\" data-end=\"823\">Caract\u00e9ristiques :<\/strong><\/p>\n<ul data-start=\"826\" data-end=\"1006\">\n<li data-section-id=\"qruh2t\" data-start=\"826\" data-end=\"859\">Mati\u00e8re : Argent sterling 925<\/li>\n<li data-section-id=\"12jgdvy\" data-start=\"860\" data-end=\"899\">D\u00e9tails : Pierres vertes incrust\u00e9es<\/li>\n<li data-section-id=\"aqlkfs\" data-start=\"900\" data-end=\"937\">Design : Forme organique textur\u00e9e<\/li>\n<li data-section-id=\"ibu5so\" data-start=\"938\" data-end=\"960\">Taille : Ajustable<\/li>\n<li data-section-id=\"19mbjwk\" data-start=\"961\" data-end=\"1006\">Style : Naturel, artistique, contemporain<\/li>\n<\/ul>\n<p data-start=\"1008\" data-end=\"1152\">Une cr\u00e9ation signature Maison Khmissa, id\u00e9ale pour celles et ceux qui recherchent un bijou original inspir\u00e9 par la beaut\u00e9 brute de la nature.<\/p>\n","protected":false},"featured_media":10127,"comment_status":"open","ping_status":"closed","template":"","meta":[],"product_brand":[],"product_cat":[34,66,65,15],"product_tag":[],"class_list":{"0":"post-10126","1":"product","2":"type-product","3":"status-publish","4":"has-post-thumbnail","6":"product_cat-bagues","7":"product_cat-bagues-femmes","8":"product_cat-femmes","9":"product_cat-hommes","10":"product_shipping_class-2-day-delivery","11":"nt-post-class","12":"","18":"first","19":"instock","20":"shipping-taxable","21":"purchasable","22":"product-type-simple"},"_links":{"self":[{"href":"https:\/\/maisonkhmissa.com\/wp-json\/wp\/v2\/product\/10126","targetHints":{"allow":["GET"]}}],"collection":[{"href":"https:\/\/maisonkhmissa.com\/wp-json\/wp\/v2\/product"}],"about":[{"href":"https:\/\/maisonkhmissa.com\/wp-json\/wp\/v2\/types\/product"}],"replies":[{"embeddable":true,"href":"https:\/\/maisonkhmissa.com\/wp-json\/wp\/v2\/comments?post=10126"}],"wp:featuredmedia":[{"embeddable":true,"href":"https:\/\/maisonkhmissa.com\/wp-json\/wp\/v2\/media\/10127"}],"wp:attachment":[{"href":"https:\/\/maisonkhmissa.com\/wp-json\/wp\/v2\/media?parent=10126"}],"wp:term":[{"taxonomy":"product_brand","embeddable":true,"href":"https:\/\/maisonkhmissa.com\/wp-json\/wp\/v2\/product_brand?post=10126"},{"taxonomy":"product_cat","embeddable":true,"href":"https:\/\/maisonkhmissa.com\/wp-json\/wp\/v2\/product_cat?post=10126"},{"taxonomy":"product_tag","embeddable":true,"href":"https:\/\/maisonkhmissa.com\/wp-json\/wp\/v2\/product_tag?post=10126"}],"curies":[{"name":"wp","href":"https:\/\/api.w.org\/{rel}","templated":true}]}}